{"id":539,"date":"2024-08-29T11:05:31","date_gmt":"2024-08-29T10:05:31","guid":{"rendered":"https:\/\/danicamarero.com\/termes-condicions-i-politica-de-privadesa\/"},"modified":"2025-11-13T17:05:00","modified_gmt":"2025-11-13T16:05:00","slug":"termes-condicions","status":"publish","type":"page","link":"https:\/\/danicamarero.com\/ca\/termes-condicions\/","title":{"rendered":"Termes i condicions"},"content":{"rendered":"\n<h2 class=\"wp-block-heading\">Introducci\u00f3<\/h2>\n\n<p>Benvingut a danicamarero.com. Aquests termes regeixen el seu \u00fas del nostre lloc web i bloc; en utilitzar el meu lloc web, vost\u00e8 accepta aquests termes \u00edntegrament. Si no esteu d&#8217;acord amb aquests termes i condicions, no heu d&#8217;utilitzar el lloc web.  <\/p>\n\n<h2 class=\"wp-block-heading\">Tecnologia de Cookies\/Seguiment<\/h2>\n\n<p>danicamarero.com pot utilitzar galetes i tecnologia de seguiment depenent de les caracter\u00edstiques ofertes. Aquestes tecnologies s\u00f3n \u00fatils per recopilar informaci\u00f3 com el tipus de navegador i sistema operatiu, rastrejar el nombre de visitants al lloc i comprendre com els visitants utilitzen el lloc. Les galetes tamb\u00e9 poden ajudar a personalitzar el lloc per als visitants. No es pot recopilar informaci\u00f3 personal a trav\u00e9s de galetes o altres tecnologies de seguiment; no obstant aix\u00f2, si pr\u00e8viament va proporcionar informaci\u00f3 personalment identificable, les galetes poden estar vinculades a aquesta informaci\u00f3. Utilitzem Google Analytics 4 per analitzar l\u00fas del nostre lloc web. En utilitzar aquest lloc web, vost\u00e8 consenteix el processament de dades sobre vost\u00e8 per part de Google de la manera i per als fins establerts anteriorment.     <\/p>\n\n<h2 class=\"wp-block-heading\">Drets de propietat intel\u00b7lectual<\/h2>\n\n<p>Llevat que s&#8217;indiqui el contrari, Dani Camarero \u00e9s el propietari dels drets de propietat intel\u00b7lectual del lloc web i del material al lloc web. Tots els drets de propietat intel\u00b7lectual estan reservats. <\/p>\n\n<h2 class=\"wp-block-heading\">Llic\u00e8ncia per al lloc web<\/h2>\n\n<p>Vost\u00e8 pot veure, descarregar nom\u00e9s per a prop\u00f2sits demmagatzematge en mem\u00f2ria cau, i imprimir p\u00e0gines del lloc web per al seu \u00fas personal, subjecte a les restriccions establertes a continuaci\u00f3 i en altres llocs daquests termes i condicions.<\/p>\n\n<h2 class=\"wp-block-heading\">Acceptaci\u00f3 d&#8217;\u00fas<\/h2>\n\n<p>No heu d&#8217;utilitzar el lloc web de cap manera que causi, o pugui causar, dany als llocs web o deteriorament de la disponibilitat o accessibilitat dels llocs web; o de qualsevol manera que sigui il\u00b7legal, fraudulenta o perjudicial.<\/p>\n\n<h2 class=\"wp-block-heading\">Acc\u00e9s restringit<\/h2>\n\n<p>L&#8217;acc\u00e9s a certes \u00e0rees dels nostres llocs web est\u00e0 restringit. Ens reservem el dret a restringir l&#8217;acc\u00e9s a altres \u00e0rees dels nostres llocs web, o fins i tot a la totalitat dels nostres llocs web, a la nostra discreci\u00f3. <\/p>\n\n<h2 class=\"wp-block-heading\">Revisi\u00f3 de termes<\/h2>\n\n<p>Podem revisar aquests termes i condicions de tant en tant. Els termes i condicions revisats s&#8217;aplicaran a l&#8217;\u00fas del nostre lloc web des de la data de publicaci\u00f3 dels termes i condicions revisats als nostres llocs web. Reviseu aquesta p\u00e0gina regularment per assegurar-vos que esteu familiaritzat amb la versi\u00f3 actual.  <\/p>\n\n<h2 class=\"wp-block-heading\">Incompliments d&#8217;aquests termes i condicions<\/h2>\n\n<p>Sense perjudici dels nostres altres drets sota aquests termes i condicions, si incompleix aquests termes i condicions de qualsevol manera, podem prendre les mesures que considerem apropiades per tractar amb l&#8217;incompliment, incloent-hi suspendre el seu acc\u00e9s al lloc web, prohibir-li l&#8217;acc\u00e9s al lloc web, i\/o iniciar procediments judicials en contra.<\/p>\n\n<h2 class=\"wp-block-heading\">Informaci\u00f3 de contacte<\/h2>\n\n<p>Per a qualsevol inquietud o pregunta sobre aquests termes, si us plau contacteu amb nosaltres a info@dcamarero.com<\/p>\n","protected":false},"excerpt":{"rendered":"<p>Introducci\u00f3 Benvingut a danicamarero.com. Aquests termes regeixen el seu \u00fas del nostre lloc web i bloc; en utilitzar el meu [&hellip;]<\/p>\n","protected":false},"author":1,"featured_media":0,"parent":0,"menu_order":0,"comment_status":"closed","ping_status":"closed","template":"","meta":{"_uag_custom_page_level_css":"","site-sidebar-layout":"default","site-content-layout":"","ast-site-content-layout":"default","site-content-style":"default","site-sidebar-style":"default","ast-global-header-display":"","ast-banner-title-visibility":"","ast-main-header-display":"","ast-hfb-above-header-display":"","ast-hfb-below-header-display":"","ast-hfb-mobile-header-display":"","site-post-title":"","ast-breadcrumbs-content":"","ast-featured-img":"","footer-sml-layout":"","ast-disable-related-posts":"","theme-transparent-header-meta":"","adv-header-id-meta":"","stick-header-meta":"","header-above-stick-meta":"","header-main-stick-meta":"","header-below-stick-meta":"","astra-migrate-meta-layouts":"default","ast-page-background-enabled":"default","ast-page-background-meta":{"desktop":{"background-color":"var(--ast-global-color-4)","background-image":"","background-repeat":"repeat","background-position":"center center","background-size":"auto","background-attachment":"scroll","background-type":"","background-media":"","overlay-type":"","overlay-color":"","overlay-opacity":"","overlay-gradient":""},"tablet":{"background-color":"","background-image":"","background-repeat":"repeat","background-position":"center center","background-size":"auto","background-attachment":"scroll","background-type":"","background-media":"","overlay-type":"","overlay-color":"","overlay-opacity":"","overlay-gradient":""},"mobile":{"background-color":"","background-image":"","background-repeat":"repeat","background-position":"center center","background-size":"auto","background-attachment":"scroll","background-type":"","background-media":"","overlay-type":"","overlay-color":"","overlay-opacity":"","overlay-gradient":""}},"ast-content-background-meta":{"desktop":{"background-color":"var(--ast-global-color-5)","background-image":"","background-repeat":"repeat","background-position":"center center","background-size":"auto","background-attachment":"scroll","background-type":"","background-media":"","overlay-type":"","overlay-color":"","overlay-opacity":"","overlay-gradient":""},"tablet":{"background-color":"var(--ast-global-color-5)","background-image":"","background-repeat":"repeat","background-position":"center center","background-size":"auto","background-attachment":"scroll","background-type":"","background-media":"","overlay-type":"","overlay-color":"","overlay-opacity":"","overlay-gradient":""},"mobile":{"background-color":"var(--ast-global-color-5)","background-image":"","background-repeat":"repeat","background-position":"center center","background-size":"auto","background-attachment":"scroll","background-type":"","background-media":"","overlay-type":"","overlay-color":"","overlay-opacity":"","overlay-gradient":""}},"footnotes":""},"class_list":["post-539","page","type-page","status-publish","hentry"],"yoast_head":"<!-- This site is optimized with the Yoast SEO plugin v27.3 - https:\/\/yoast.com\/product\/yoast-seo-wordpress\/ -->\n<title>Termes i condicions - Dani Camarero - Consultor SEO\/GEO SEM y Growth Advisor<\/title>\n<meta name=\"robots\" content=\"index, follow, max-snippet:-1, max-image-preview:large, max-video-preview:-1\" \/>\n<link rel=\"canonical\" href=\"https:\/\/danicamarero.com\/ca\/termes-condicions\/\" \/>\n<meta property=\"og:locale\" content=\"ca_ES\" \/>\n<meta property=\"og:type\" content=\"article\" \/>\n<meta property=\"og:title\" content=\"Termes i condicions - Dani Camarero - Consultor SEO\/GEO SEM y Growth Advisor\" \/>\n<meta property=\"og:description\" content=\"Introducci\u00f3 Benvingut a danicamarero.com. Aquests termes regeixen el seu \u00fas del nostre lloc web i bloc; en utilitzar el meu [&hellip;]\" \/>\n<meta property=\"og:url\" content=\"https:\/\/danicamarero.com\/ca\/termes-condicions\/\" \/>\n<meta property=\"og:site_name\" content=\"Dani Camarero - Consultor SEO\/GEO SEM y Growth Advisor\" \/>\n<meta property=\"article:modified_time\" content=\"2025-11-13T16:05:00+00:00\" \/>\n<meta name=\"twitter:card\" content=\"summary_large_image\" \/>\n<meta name=\"twitter:site\" content=\"@danicamarero\" \/>\n<meta name=\"twitter:label1\" content=\"Temps estimat de lectura\" \/>\n\t<meta name=\"twitter:data1\" content=\"2 minuts\" \/>\n<script type=\"application\/ld+json\" class=\"yoast-schema-graph\">{\"@context\":\"https:\\\/\\\/schema.org\",\"@graph\":[{\"@type\":\"WebPage\",\"@id\":\"https:\\\/\\\/danicamarero.com\\\/ca\\\/termes-condicions\\\/\",\"url\":\"https:\\\/\\\/danicamarero.com\\\/ca\\\/termes-condicions\\\/\",\"name\":\"Termes i condicions - Dani Camarero - Consultor SEO\\\/GEO SEM y Growth Advisor\",\"isPartOf\":{\"@id\":\"https:\\\/\\\/danicamarero.com\\\/ca\\\/#website\"},\"datePublished\":\"2024-08-29T10:05:31+00:00\",\"dateModified\":\"2025-11-13T16:05:00+00:00\",\"breadcrumb\":{\"@id\":\"https:\\\/\\\/danicamarero.com\\\/ca\\\/termes-condicions\\\/#breadcrumb\"},\"inLanguage\":\"ca\",\"potentialAction\":[{\"@type\":\"ReadAction\",\"target\":[\"https:\\\/\\\/danicamarero.com\\\/ca\\\/termes-condicions\\\/\"]}]},{\"@type\":\"BreadcrumbList\",\"@id\":\"https:\\\/\\\/danicamarero.com\\\/ca\\\/termes-condicions\\\/#breadcrumb\",\"itemListElement\":[{\"@type\":\"ListItem\",\"position\":1,\"name\":\"Portada\",\"item\":\"https:\\\/\\\/danicamarero.com\\\/ca\\\/\"},{\"@type\":\"ListItem\",\"position\":2,\"name\":\"Termes i condicions\"}]},{\"@type\":\"WebSite\",\"@id\":\"https:\\\/\\\/danicamarero.com\\\/ca\\\/#website\",\"url\":\"https:\\\/\\\/danicamarero.com\\\/ca\\\/\",\"name\":\"Dani Camarero - Consultor SEO \\\/ SEM y Growth Advisor\",\"description\":\"\",\"publisher\":{\"@id\":\"https:\\\/\\\/danicamarero.com\\\/ca\\\/#\\\/schema\\\/person\\\/68ad5d009e14fff75a5232f44e7d8219\"},\"potentialAction\":[{\"@type\":\"SearchAction\",\"target\":{\"@type\":\"EntryPoint\",\"urlTemplate\":\"https:\\\/\\\/danicamarero.com\\\/ca\\\/?s={search_term_string}\"},\"query-input\":{\"@type\":\"PropertyValueSpecification\",\"valueRequired\":true,\"valueName\":\"search_term_string\"}}],\"inLanguage\":\"ca\"},{\"@type\":[\"Person\",\"Organization\"],\"@id\":\"https:\\\/\\\/danicamarero.com\\\/ca\\\/#\\\/schema\\\/person\\\/68ad5d009e14fff75a5232f44e7d8219\",\"name\":\"Dani Camarero\",\"image\":{\"@type\":\"ImageObject\",\"inLanguage\":\"ca\",\"@id\":\"https:\\\/\\\/danicamarero.com\\\/wp-content\\\/uploads\\\/2024\\\/09\\\/Dani-Camarero-Consultor-SEO-SEM-Growth-Advisor-scaled.jpg\",\"url\":\"https:\\\/\\\/danicamarero.com\\\/wp-content\\\/uploads\\\/2024\\\/09\\\/Dani-Camarero-Consultor-SEO-SEM-Growth-Advisor-scaled.jpg\",\"contentUrl\":\"https:\\\/\\\/danicamarero.com\\\/wp-content\\\/uploads\\\/2024\\\/09\\\/Dani-Camarero-Consultor-SEO-SEM-Growth-Advisor-scaled.jpg\",\"width\":1920,\"height\":2560,\"caption\":\"Dani Camarero\"},\"logo\":{\"@id\":\"https:\\\/\\\/danicamarero.com\\\/wp-content\\\/uploads\\\/2024\\\/09\\\/Dani-Camarero-Consultor-SEO-SEM-Growth-Advisor-scaled.jpg\"},\"description\":\"Con m\u00e1s de diez a\u00f1os de experiencia, he desarrollado estrategias personalizadas de SEO, SEM y Growth que han ayudado a muchas empresas y negocios a alcanzar sus objetivos y obtener resultados tangibles.\",\"sameAs\":[\"https:\\\/\\\/danicamarero.com\",\"https:\\\/\\\/www.linkedin.com\\\/in\\\/dcamarero\\\/\",\"https:\\\/\\\/x.com\\\/danicamarero\"]}]}<\/script>\n<!-- \/ Yoast SEO plugin. -->","yoast_head_json":{"title":"Termes i condicions - Dani Camarero - Consultor SEO\/GEO SEM y Growth Advisor","robots":{"index":"index","follow":"follow","max-snippet":"max-snippet:-1","max-image-preview":"max-image-preview:large","max-video-preview":"max-video-preview:-1"},"canonical":"https:\/\/danicamarero.com\/ca\/termes-condicions\/","og_locale":"ca_ES","og_type":"article","og_title":"Termes i condicions - Dani Camarero - Consultor SEO\/GEO SEM y Growth Advisor","og_description":"Introducci\u00f3 Benvingut a danicamarero.com. Aquests termes regeixen el seu \u00fas del nostre lloc web i bloc; en utilitzar el meu [&hellip;]","og_url":"https:\/\/danicamarero.com\/ca\/termes-condicions\/","og_site_name":"Dani Camarero - Consultor SEO\/GEO SEM y Growth Advisor","article_modified_time":"2025-11-13T16:05:00+00:00","twitter_card":"summary_large_image","twitter_site":"@danicamarero","twitter_misc":{"Temps estimat de lectura":"2 minuts"},"schema":{"@context":"https:\/\/schema.org","@graph":[{"@type":"WebPage","@id":"https:\/\/danicamarero.com\/ca\/termes-condicions\/","url":"https:\/\/danicamarero.com\/ca\/termes-condicions\/","name":"Termes i condicions - Dani Camarero - Consultor SEO\/GEO SEM y Growth Advisor","isPartOf":{"@id":"https:\/\/danicamarero.com\/ca\/#website"},"datePublished":"2024-08-29T10:05:31+00:00","dateModified":"2025-11-13T16:05:00+00:00","breadcrumb":{"@id":"https:\/\/danicamarero.com\/ca\/termes-condicions\/#breadcrumb"},"inLanguage":"ca","potentialAction":[{"@type":"ReadAction","target":["https:\/\/danicamarero.com\/ca\/termes-condicions\/"]}]},{"@type":"BreadcrumbList","@id":"https:\/\/danicamarero.com\/ca\/termes-condicions\/#breadcrumb","itemListElement":[{"@type":"ListItem","position":1,"name":"Portada","item":"https:\/\/danicamarero.com\/ca\/"},{"@type":"ListItem","position":2,"name":"Termes i condicions"}]},{"@type":"WebSite","@id":"https:\/\/danicamarero.com\/ca\/#website","url":"https:\/\/danicamarero.com\/ca\/","name":"Dani Camarero - Consultor SEO \/ SEM y Growth Advisor","description":"","publisher":{"@id":"https:\/\/danicamarero.com\/ca\/#\/schema\/person\/68ad5d009e14fff75a5232f44e7d8219"},"potentialAction":[{"@type":"SearchAction","target":{"@type":"EntryPoint","urlTemplate":"https:\/\/danicamarero.com\/ca\/?s={search_term_string}"},"query-input":{"@type":"PropertyValueSpecification","valueRequired":true,"valueName":"search_term_string"}}],"inLanguage":"ca"},{"@type":["Person","Organization"],"@id":"https:\/\/danicamarero.com\/ca\/#\/schema\/person\/68ad5d009e14fff75a5232f44e7d8219","name":"Dani Camarero","image":{"@type":"ImageObject","inLanguage":"ca","@id":"https:\/\/danicamarero.com\/wp-content\/uploads\/2024\/09\/Dani-Camarero-Consultor-SEO-SEM-Growth-Advisor-scaled.jpg","url":"https:\/\/danicamarero.com\/wp-content\/uploads\/2024\/09\/Dani-Camarero-Consultor-SEO-SEM-Growth-Advisor-scaled.jpg","contentUrl":"https:\/\/danicamarero.com\/wp-content\/uploads\/2024\/09\/Dani-Camarero-Consultor-SEO-SEM-Growth-Advisor-scaled.jpg","width":1920,"height":2560,"caption":"Dani Camarero"},"logo":{"@id":"https:\/\/danicamarero.com\/wp-content\/uploads\/2024\/09\/Dani-Camarero-Consultor-SEO-SEM-Growth-Advisor-scaled.jpg"},"description":"Con m\u00e1s de diez a\u00f1os de experiencia, he desarrollado estrategias personalizadas de SEO, SEM y Growth que han ayudado a muchas empresas y negocios a alcanzar sus objetivos y obtener resultados tangibles.","sameAs":["https:\/\/danicamarero.com","https:\/\/www.linkedin.com\/in\/dcamarero\/","https:\/\/x.com\/danicamarero"]}]}},"uagb_featured_image_src":{"full":false,"thumbnail":false,"medium":false,"medium_large":false,"large":false,"1536x1536":false,"2048x2048":false},"uagb_author_info":{"display_name":"Dani Camarero","author_link":"https:\/\/danicamarero.com\/ca\/author\/dcamarerogmail-com\/"},"uagb_comment_info":0,"uagb_excerpt":"Introducci\u00f3 Benvingut a danicamarero.com. Aquests termes regeixen el seu \u00fas del nostre lloc web i bloc; en utilitzar el meu [&hellip;]","_links":{"self":[{"href":"https:\/\/danicamarero.com\/ca\/wp-json\/wp\/v2\/pages\/539","targetHints":{"allow":["GET"]}}],"collection":[{"href":"https:\/\/danicamarero.com\/ca\/wp-json\/wp\/v2\/pages"}],"about":[{"href":"https:\/\/danicamarero.com\/ca\/wp-json\/wp\/v2\/types\/page"}],"author":[{"embeddable":true,"href":"https:\/\/danicamarero.com\/ca\/wp-json\/wp\/v2\/users\/1"}],"replies":[{"embeddable":true,"href":"https:\/\/danicamarero.com\/ca\/wp-json\/wp\/v2\/comments?post=539"}],"version-history":[{"count":4,"href":"https:\/\/danicamarero.com\/ca\/wp-json\/wp\/v2\/pages\/539\/revisions"}],"predecessor-version":[{"id":558,"href":"https:\/\/danicamarero.com\/ca\/wp-json\/wp\/v2\/pages\/539\/revisions\/558"}],"wp:attachment":[{"href":"https:\/\/danicamarero.com\/ca\/wp-json\/wp\/v2\/media?parent=539"}],"curies":[{"name":"wp","href":"https:\/\/api.w.org\/{rel}","templated":true}]}}